{"id":56,"date":"2025-03-26T21:41:14","date_gmt":"2025-03-26T20:41:14","guid":{"rendered":"https:\/\/nzsumcs.wordpress.com\/?page_id=56"},"modified":"2025-03-26T21:41:14","modified_gmt":"2025-03-26T20:41:14","slug":"piony","status":"publish","type":"page","link":"https:\/\/umcs.nzs.org.pl\/index.php\/piony\/","title":{"rendered":"Piony"},"content":{"rendered":"\n<p>Obecnie w naszej organizacji uczelnianej dzia\u0142a kilka pion\u00f3w, w tym:<\/p>\n\n\n\n<h2 class=\"wp-block-heading\"><strong>Pion ds. HR<\/strong><\/h2>\n\n\n\n<ul class=\"wp-block-list\">\n<li>Organizacja bie\u017c\u0105cych integracji tzn. wyj\u015bcia i wyjazdy;<\/li>\n\n\n\n<li>Dbanie o dobr\u0105 atmosfer\u0119 w teamie;<\/li>\n\n\n\n<li>Organizacja szkole\u0144 i warsztat\u00f3w;<\/li>\n\n\n\n<li>Koordynacja rekrutacji;<\/li>\n\n\n\n<li>Pomoc przy mentoringu.<\/li>\n<\/ul>\n\n\n\n<figure class=\"wp-block-image size-full\"><img loading=\"lazy\" decoding=\"async\" width=\"940\" height=\"788\" src=\"http:\/\/umcs.nzs.org.pl\/wp-content\/uploads\/2025\/03\/fb_img_1743359580589.jpg\" alt=\"\" class=\"wp-image-70\" srcset=\"https:\/\/umcs.nzs.org.pl\/wp-content\/uploads\/2025\/03\/fb_img_1743359580589.jpg 940w, https:\/\/umcs.nzs.org.pl\/wp-content\/uploads\/2025\/03\/fb_img_1743359580589-300x251.jpg 300w, https:\/\/umcs.nzs.org.pl\/wp-content\/uploads\/2025\/03\/fb_img_1743359580589-768x644.jpg 768w\" sizes=\"auto, (max-width: 940px) 100vw, 940px\" \/><\/figure>\n\n\n\n<p><\/p>\n\n\n\n<h2 class=\"wp-block-heading\"><strong>Pion ds. PR<\/strong><\/h2>\n\n\n\n<ul class=\"wp-block-list\">\n<li>Prowadzenie social medi\u00f3w NZS UMCS: Facebook, Instagram, nasza strona internetowa;<\/li>\n\n\n\n<li>Pr&#8217;owcy to nasi paparazzi podczas wydarze\u0144;<\/li>\n\n\n\n<li>Redagowanie tre\u015bci publikowanych w social mediach;<\/li>\n\n\n\n<li>Dbanie o dobry wizerunek organizacji;<\/li>\n\n\n\n<li>Tworzenie grafik.<\/li>\n<\/ul>\n\n\n\n<figure class=\"wp-block-image size-full\"><img loading=\"lazy\" decoding=\"async\" width=\"940\" height=\"788\" src=\"http:\/\/umcs.nzs.org.pl\/wp-content\/uploads\/2025\/03\/fb_img_1743359578533.jpg\" alt=\"\" class=\"wp-image-69\" srcset=\"https:\/\/umcs.nzs.org.pl\/wp-content\/uploads\/2025\/03\/fb_img_1743359578533.jpg 940w, https:\/\/umcs.nzs.org.pl\/wp-content\/uploads\/2025\/03\/fb_img_1743359578533-300x251.jpg 300w, https:\/\/umcs.nzs.org.pl\/wp-content\/uploads\/2025\/03\/fb_img_1743359578533-768x644.jpg 768w\" sizes=\"auto, (max-width: 940px) 100vw, 940px\" \/><\/figure>\n\n\n\n<p><\/p>\n\n\n\n<h2 class=\"wp-block-heading\"><strong>Pion ds. kontakt\u00f3w zewn\u0119trznych i finans\u00f3w<\/strong><\/h2>\n\n\n\n<ul class=\"wp-block-list\">\n<li>Pozyskiwanie partner\u00f3w;<\/li>\n\n\n\n<li>Dbanie o relacje z aktualnymi partnerami;<\/li>\n\n\n\n<li>Organizacja gad\u017cet\u00f3w, voucher\u00f3w i r\u00f3\u017cnego rodzaju zni\u017cek;<\/li>\n\n\n\n<li>Nawi\u0105zywanie wsp\u00f3\u0142pracy barterowych i finansowych.<\/li>\n<\/ul>\n\n\n\n<figure class=\"wp-block-image size-full\"><img loading=\"lazy\" decoding=\"async\" width=\"940\" height=\"788\" src=\"http:\/\/umcs.nzs.org.pl\/wp-content\/uploads\/2025\/03\/fb_img_1743359588445.jpg\" alt=\"\" class=\"wp-image-71\" srcset=\"https:\/\/umcs.nzs.org.pl\/wp-content\/uploads\/2025\/03\/fb_img_1743359588445.jpg 940w, https:\/\/umcs.nzs.org.pl\/wp-content\/uploads\/2025\/03\/fb_img_1743359588445-300x251.jpg 300w, https:\/\/umcs.nzs.org.pl\/wp-content\/uploads\/2025\/03\/fb_img_1743359588445-768x644.jpg 768w\" sizes=\"auto, (max-width: 940px) 100vw, 940px\" \/><\/figure>\n\n\n\n<p><\/p>\n","protected":false},"excerpt":{"rendered":"<p>Obecnie w naszej organizacji uczelnianej dzia\u0142a kilka pion\u00f3w, w tym: Pion ds. HR Pion ds. PR Pion ds. kontakt\u00f3w zewn\u0119trznych i finans\u00f3w<\/p>\n","protected":false},"author":2,"featured_media":0,"parent":0,"menu_order":0,"comment_status":"closed","ping_status":"closed","template":"","meta":{"footnotes":""},"class_list":["post-56","page","type-page","status-publish","hentry"],"_links":{"self":[{"href":"https:\/\/umcs.nzs.org.pl\/index.php\/wp-json\/wp\/v2\/pages\/56","targetHints":{"allow":["GET"]}}],"collection":[{"href":"https:\/\/umcs.nzs.org.pl\/index.php\/wp-json\/wp\/v2\/pages"}],"about":[{"href":"https:\/\/umcs.nzs.org.pl\/index.php\/wp-json\/wp\/v2\/types\/page"}],"author":[{"embeddable":true,"href":"https:\/\/umcs.nzs.org.pl\/index.php\/wp-json\/wp\/v2\/users\/2"}],"replies":[{"embeddable":true,"href":"https:\/\/umcs.nzs.org.pl\/index.php\/wp-json\/wp\/v2\/comments?post=56"}],"version-history":[{"count":0,"href":"https:\/\/umcs.nzs.org.pl\/index.php\/wp-json\/wp\/v2\/pages\/56\/revisions"}],"wp:attachment":[{"href":"https:\/\/umcs.nzs.org.pl\/index.php\/wp-json\/wp\/v2\/media?parent=56"}],"curies":[{"name":"wp","href":"https:\/\/api.w.org\/{rel}","templated":true}]}}