{"id":28,"date":"2025-03-26T21:41:37","date_gmt":"2025-03-26T20:41:37","guid":{"rendered":"https:\/\/nzsumcs.wordpress.com\/?page_id=28"},"modified":"2025-03-26T21:41:37","modified_gmt":"2025-03-26T20:41:37","slug":"projekty","status":"publish","type":"page","link":"https:\/\/umcs.nzs.org.pl\/index.php\/projekty\/","title":{"rendered":"Projekty"},"content":{"rendered":"\n<p>Nasza organizacja uczelniana koordynuje kilka projekt\u00f3w:<\/p>\n\n\n\n<h2 class=\"wp-block-heading\"><strong>Wampiriada<\/strong><\/h2>\n\n\n\n<p>Og\u00f3lnopolski projekt, kt\u00f3rego celem jest promocja honorowego krwiodawstwa i zwi\u0119kszanie \u015bwiadomo\u015bci na temat zdrowego stylu \u017cycia.<\/p>\n\n\n\n<p>To nie tylko okazja do ratowania \u017cycia, ale te\u017c mo\u017cliwo\u015b\u0107 integracji i zaanga\u017cowania si\u0119 w warto\u015bciow\u0105 inicjatyw\u0119 spo\u0142eczn\u0105.<\/p>\n\n\n\n<figure class=\"wp-block-image size-large\"><img loading=\"lazy\" decoding=\"async\" width=\"2286\" height=\"1176\" src=\"http:\/\/umcs.nzs.org.pl\/wp-content\/uploads\/2025\/04\/png-bez-tla.png?w=1024\" alt=\"\" class=\"wp-image-118\" srcset=\"https:\/\/umcs.nzs.org.pl\/wp-content\/uploads\/2025\/04\/png-bez-tla.png 2286w, https:\/\/umcs.nzs.org.pl\/wp-content\/uploads\/2025\/04\/png-bez-tla-300x154.png 300w, https:\/\/umcs.nzs.org.pl\/wp-content\/uploads\/2025\/04\/png-bez-tla-1024x527.png 1024w, https:\/\/umcs.nzs.org.pl\/wp-content\/uploads\/2025\/04\/png-bez-tla-768x395.png 768w, https:\/\/umcs.nzs.org.pl\/wp-content\/uploads\/2025\/04\/png-bez-tla-1536x790.png 1536w, https:\/\/umcs.nzs.org.pl\/wp-content\/uploads\/2025\/04\/png-bez-tla-2048x1054.png 2048w\" sizes=\"auto, (max-width: 2286px) 100vw, 2286px\" \/><\/figure>\n\n\n\n<p><\/p>\n\n\n\n<h2 class=\"wp-block-heading\"><strong>Zwierzaki<\/strong><\/h2>\n\n\n\n<p>Akcja ma na celu pomoc zwierz\u0119tom w schroniskach poprzez zbi\u00f3rki karmy, koc\u00f3w i innych potrzebnych rzeczy.<\/p>\n\n\n\n<p>Dodatkowo inicjatywa zwi\u0119ksza \u015bwiadomo\u015b\u0107 na temat adopcji i odpowiedzialnej opieki nad zwierz\u0119tami. To spos\u00f3b na zaanga\u017cowanie student\u00f3w w dzia\u0142ania charytatywne i realne wsparcie dla bezdomnych zwierz\u0105t.<\/p>\n\n\n\n\n\n<p><\/p>\n\n\n\n<h2 class=\"wp-block-heading\"><strong>PrawieKino<\/strong><\/h2>\n\n\n\n<p>\u0141\u0105czymy pasj\u0119 do kina z warto\u015bciowymi edukacyjnymi dyskusjami filmowymi.<br>Organizujemy darmowe pokazy filmowe wraz ze spotkaniami z: <\/p>\n\n\n\n<ul class=\"wp-block-list\">\n<li>ekspertami,<\/li>\n\n\n\n<li>re\u017cyserami,<\/li>\n\n\n\n<li>aktorami.<\/li>\n<\/ul>\n\n\n\n<p>To nie tylko okazja na darmowy seans, ale i refleksja oraz rozmowa na wa\u017cne tematy spo\u0142eczne, kulturowe i historyczne.<\/p>\n\n\n\n<figure class=\"wp-block-image size-large\"><img loading=\"lazy\" decoding=\"async\" width=\"1694\" height=\"582\" src=\"http:\/\/umcs.nzs.org.pl\/wp-content\/uploads\/2025\/04\/png-bez-tla-2.png?w=1024\" alt=\"\" class=\"wp-image-122\" srcset=\"https:\/\/umcs.nzs.org.pl\/wp-content\/uploads\/2025\/04\/png-bez-tla-2.png 1694w, https:\/\/umcs.nzs.org.pl\/wp-content\/uploads\/2025\/04\/png-bez-tla-2-300x103.png 300w, https:\/\/umcs.nzs.org.pl\/wp-content\/uploads\/2025\/04\/png-bez-tla-2-1024x352.png 1024w, https:\/\/umcs.nzs.org.pl\/wp-content\/uploads\/2025\/04\/png-bez-tla-2-768x264.png 768w, https:\/\/umcs.nzs.org.pl\/wp-content\/uploads\/2025\/04\/png-bez-tla-2-1536x528.png 1536w\" sizes=\"auto, (max-width: 1694px) 100vw, 1694px\" \/><\/figure>\n\n\n\n<h2 class=\"wp-block-heading\"><strong>Drogowskazy Kariery<\/strong><\/h2>\n\n\n\n<p>Og\u00f3lnopolski projekt NZS, kt\u00f3ry pomaga studentom w planowaniu przysz\u0142ej kariery zawodowej. <\/p>\n\n\n\n<p>Dzi\u0119ki prelekcjom, warsztatom i spotkaniom z pracodawcami, zdob\u0119dziesz:<\/p>\n\n\n\n<ul class=\"wp-block-list\">\n<li>praktyczne umiej\u0119tno\u015bci;<\/li>\n\n\n\n<li>poznasz rynek pracy<\/li>\n\n\n\n<li>nawi\u0105\u017cesz cenne kontakty<\/li>\n<\/ul>\n\n\n\n<p>Nie przegap okazji, by lepiej przygotowa\u0107 si\u0119 do kariery!<\/p>\n\n\n\n<figure class=\"wp-block-image size-large\"><img loading=\"lazy\" decoding=\"async\" width=\"1558\" height=\"1261\" src=\"http:\/\/umcs.nzs.org.pl\/wp-content\/uploads\/2025\/04\/png-bez-tla-6.png?w=1024\" alt=\"\" class=\"wp-image-115\" srcset=\"https:\/\/umcs.nzs.org.pl\/wp-content\/uploads\/2025\/04\/png-bez-tla-6.png 1558w, https:\/\/umcs.nzs.org.pl\/wp-content\/uploads\/2025\/04\/png-bez-tla-6-300x243.png 300w, https:\/\/umcs.nzs.org.pl\/wp-content\/uploads\/2025\/04\/png-bez-tla-6-1024x829.png 1024w, https:\/\/umcs.nzs.org.pl\/wp-content\/uploads\/2025\/04\/png-bez-tla-6-768x622.png 768w, https:\/\/umcs.nzs.org.pl\/wp-content\/uploads\/2025\/04\/png-bez-tla-6-1536x1243.png 1536w\" sizes=\"auto, (max-width: 1558px) 100vw, 1558px\" \/><\/figure>\n\n\n\n<h2 class=\"wp-block-heading\"><strong>Informacja Komunikacja Integracja<\/strong><\/h2>\n\n\n\n<p>IKI &#8211; comiesi\u0119czne spotkanie cz\u0142onk\u00f3w i sympatyk\u00f3w naszej organizacji, na kt\u00f3rym poszerzamy wiedz\u0119 mi\u0119dzy sob\u0105 o tym: <\/p>\n\n\n\n<ul class=\"wp-block-list\">\n<li>co nale\u017cy zrobi\u0107,<\/li>\n\n\n\n<li>co ju\u017c wykonali\u015bmy.<\/li>\n<\/ul>\n\n\n\n<p>Podczas spotka\u0144 szkolimy si\u0119, mamy warsztaty, a pod koniec integrujemy si\u0119, jak przysta\u0142o na student\u00f3w!<\/p>\n\n\n\n\n\n<p><\/p>\n\n\n\n<h2 class=\"wp-block-heading\"><strong>Book Club<\/strong><\/h2>\n\n\n\n<p>Spotkania, kt\u00f3re zrzeszaj\u0105 mi\u0142o\u015bnik\u00f3w ksi\u0105\u017cek i promuj\u0105 kultur\u0119 czytelnictwa w\u015br\u00f3d lubelskich student\u00f3w.<\/p>\n\n\n\n<p>W ramach projektu: <\/p>\n\n\n\n<ul class=\"wp-block-list\">\n<li>organizowane s\u0105 spotkania dyskusyjne,<\/li>\n\n\n\n<li>uczestnicy dziel\u0105 si\u0119 wra\u017ceniami,<\/li>\n\n\n\n<li>odkrywaj\u0105 nowe tytu\u0142y,<\/li>\n\n\n\n<li>poznaj\u0105 nowych ludzi o podobnych zainteresowaniach.<\/li>\n<\/ul>\n\n\n\n<p>To idealne miejsce dla ka\u017cdego, kto chce rozwija\u0107 swoj\u0105 pasj\u0119 do literatury w inspiruj\u0105cym towarzystwie!<\/p>\n\n\n\n<figure class=\"wp-block-image size-large\"><img loading=\"lazy\" decoding=\"async\" width=\"2245\" height=\"1587\" src=\"http:\/\/umcs.nzs.org.pl\/wp-content\/uploads\/2025\/04\/bookclub-ciemne.png?w=1024\" alt=\"\" class=\"wp-image-124\" srcset=\"https:\/\/umcs.nzs.org.pl\/wp-content\/uploads\/2025\/04\/bookclub-ciemne.png 2245w, https:\/\/umcs.nzs.org.pl\/wp-content\/uploads\/2025\/04\/bookclub-ciemne-300x212.png 300w, https:\/\/umcs.nzs.org.pl\/wp-content\/uploads\/2025\/04\/bookclub-ciemne-1024x724.png 1024w, https:\/\/umcs.nzs.org.pl\/wp-content\/uploads\/2025\/04\/bookclub-ciemne-768x543.png 768w, https:\/\/umcs.nzs.org.pl\/wp-content\/uploads\/2025\/04\/bookclub-ciemne-1536x1086.png 1536w, https:\/\/umcs.nzs.org.pl\/wp-content\/uploads\/2025\/04\/bookclub-ciemne-2048x1448.png 2048w\" sizes=\"auto, (max-width: 2245px) 100vw, 2245px\" \/><\/figure>\n","protected":false},"excerpt":{"rendered":"<p>Nasza organizacja uczelniana koordynuje kilka projekt\u00f3w: Wampiriada Og\u00f3lnopolski projekt, kt\u00f3rego celem jest promocja honorowego krwiodawstwa i zwi\u0119kszanie \u015bwiadomo\u015bci na temat zdrowego stylu \u017cycia. To nie tylko okazja do ratowania \u017cycia, ale te\u017c mo\u017cliwo\u015b\u0107 integracji i zaanga\u017cowania si\u0119 w warto\u015bciow\u0105 inicjatyw\u0119 spo\u0142eczn\u0105. Zwierzaki Akcja ma na celu pomoc zwierz\u0119tom w schroniskach poprzez zbi\u00f3rki karmy, koc\u00f3w i [&hellip;]<\/p>\n","protected":false},"author":2,"featured_media":0,"parent":0,"menu_order":0,"comment_status":"closed","ping_status":"closed","template":"","meta":{"footnotes":""},"class_list":["post-28","page","type-page","status-publish","hentry"],"_links":{"self":[{"href":"https:\/\/umcs.nzs.org.pl\/index.php\/wp-json\/wp\/v2\/pages\/28","targetHints":{"allow":["GET"]}}],"collection":[{"href":"https:\/\/umcs.nzs.org.pl\/index.php\/wp-json\/wp\/v2\/pages"}],"about":[{"href":"https:\/\/umcs.nzs.org.pl\/index.php\/wp-json\/wp\/v2\/types\/page"}],"author":[{"embeddable":true,"href":"https:\/\/umcs.nzs.org.pl\/index.php\/wp-json\/wp\/v2\/users\/2"}],"replies":[{"embeddable":true,"href":"https:\/\/umcs.nzs.org.pl\/index.php\/wp-json\/wp\/v2\/comments?post=28"}],"version-history":[{"count":0,"href":"https:\/\/umcs.nzs.org.pl\/index.php\/wp-json\/wp\/v2\/pages\/28\/revisions"}],"wp:attachment":[{"href":"https:\/\/umcs.nzs.org.pl\/index.php\/wp-json\/wp\/v2\/media?parent=28"}],"curies":[{"name":"wp","href":"https:\/\/api.w.org\/{rel}","templated":true}]}}