{"id":252,"date":"2024-10-25T21:39:11","date_gmt":"2024-10-25T21:39:11","guid":{"rendered":"http:\/\/nzsumcs.wordpress.com\/?page_id=1"},"modified":"2024-10-25T21:39:11","modified_gmt":"2024-10-25T21:39:11","slug":"informacje","status":"publish","type":"page","link":"https:\/\/umcs.nzs.org.pl\/index.php\/informacje\/","title":{"rendered":"O nas"},"content":{"rendered":"\n<h2 class=\"wp-block-heading\"><strong>Aktualny zarz\u0105d 2025\/2026<\/strong><\/h2>\n\n\n\n<p><strong>Przewodnicz\u0105cy NZS<\/strong> &#8211; Kinga Wawer<\/p>\n\n\n\n<p><strong>Sekretarz <\/strong>&#8211; Natalia Tkaczyk<\/p>\n\n\n\n<p><strong>Wiceprzewodnicz\u0105cy ds. finans\u00f3w<\/strong> &#8211; Martyna Meksu\u0142a<\/p>\n\n\n\n<p><\/p>\n","protected":false},"excerpt":{"rendered":"<p>Aktualny zarz\u0105d 2025\/2026 Przewodnicz\u0105cy NZS &#8211; Kinga Wawer Sekretarz &#8211; Natalia Tkaczyk Wiceprzewodnicz\u0105cy ds. finans\u00f3w &#8211; Martyna Meksu\u0142a<\/p>\n","protected":false},"author":2,"featured_media":0,"parent":0,"menu_order":0,"comment_status":"closed","ping_status":"open","template":"","meta":{"footnotes":""},"class_list":["post-252","page","type-page","status-publish","hentry"],"_links":{"self":[{"href":"https:\/\/umcs.nzs.org.pl\/index.php\/wp-json\/wp\/v2\/pages\/252","targetHints":{"allow":["GET"]}}],"collection":[{"href":"https:\/\/umcs.nzs.org.pl\/index.php\/wp-json\/wp\/v2\/pages"}],"about":[{"href":"https:\/\/umcs.nzs.org.pl\/index.php\/wp-json\/wp\/v2\/types\/page"}],"author":[{"embeddable":true,"href":"https:\/\/umcs.nzs.org.pl\/index.php\/wp-json\/wp\/v2\/users\/2"}],"replies":[{"embeddable":true,"href":"https:\/\/umcs.nzs.org.pl\/index.php\/wp-json\/wp\/v2\/comments?post=252"}],"version-history":[{"count":0,"href":"https:\/\/umcs.nzs.org.pl\/index.php\/wp-json\/wp\/v2\/pages\/252\/revisions"}],"wp:attachment":[{"href":"https:\/\/umcs.nzs.org.pl\/index.php\/wp-json\/wp\/v2\/media?parent=252"}],"curies":[{"name":"wp","href":"https:\/\/api.w.org\/{rel}","templated":true}]}}