{"id":232,"date":"2025-12-10T17:14:52","date_gmt":"2025-12-10T16:14:52","guid":{"rendered":"https:\/\/nzsumcs.wordpress.com\/?page_id=232"},"modified":"2025-12-10T17:14:52","modified_gmt":"2025-12-10T16:14:52","slug":"archiwum-postow","status":"publish","type":"page","link":"https:\/\/umcs.nzs.org.pl\/index.php\/archiwum-postow\/","title":{"rendered":"Archiwum post\u00f3w"},"content":{"rendered":"\n<p>Znajdziecie tu odno\u015bniki do wpis\u00f3w opublikowanych do tej pory na witrynie.<\/p>\n\n\n<ul class=\"wp-block-latest-posts__list wp-block-latest-posts\"><li><a class=\"wp-block-latest-posts__post-title\" href=\"https:\/\/umcs.nzs.org.pl\/index.php\/2026\/02\/14\/sztafeta-wolnosci-w-lubelskim-ipn-45-lat-niezaleznego-zrzeszenia-studentow\/\">Sztafeta wolno\u015bci w lubelskim IPN. 45 lat Niezale\u017cnego Zrzeszenia Student\u00f3w<\/a><\/li>\n<li><a class=\"wp-block-latest-posts__post-title\" href=\"https:\/\/umcs.nzs.org.pl\/index.php\/2025\/12\/21\/podsumowanie-wampiriady\/\">Podsumowanie Wampiriady<\/a><\/li>\n<li><a class=\"wp-block-latest-posts__post-title\" href=\"https:\/\/umcs.nzs.org.pl\/index.php\/2025\/12\/20\/wampiriada-na-umcs\/\">Wampiriada na UMCS!<\/a><\/li>\n<li><a class=\"wp-block-latest-posts__post-title\" href=\"https:\/\/umcs.nzs.org.pl\/index.php\/2025\/12\/19\/podziekowania-dla-partnerow\/\">Podzi\u0119kowania dla Partner\u00f3w<\/a><\/li>\n<li><a class=\"wp-block-latest-posts__post-title\" href=\"https:\/\/umcs.nzs.org.pl\/index.php\/2025\/12\/10\/wieczor-filmowy-prawie-kina-sleepy-hollow\/\">Wiecz\u00f3r filmowy Prawie Kina \u2013 &#8222;Sleepy Hollow&#8221;<\/a><\/li>\n<\/ul>","protected":false},"excerpt":{"rendered":"<p>Znajdziecie tu odno\u015bniki do wpis\u00f3w opublikowanych do tej pory na witrynie.<\/p>\n","protected":false},"author":2,"featured_media":0,"parent":0,"menu_order":0,"comment_status":"closed","ping_status":"closed","template":"","meta":{"footnotes":""},"class_list":["post-232","page","type-page","status-publish","hentry"],"_links":{"self":[{"href":"https:\/\/umcs.nzs.org.pl\/index.php\/wp-json\/wp\/v2\/pages\/232","targetHints":{"allow":["GET"]}}],"collection":[{"href":"https:\/\/umcs.nzs.org.pl\/index.php\/wp-json\/wp\/v2\/pages"}],"about":[{"href":"https:\/\/umcs.nzs.org.pl\/index.php\/wp-json\/wp\/v2\/types\/page"}],"author":[{"embeddable":true,"href":"https:\/\/umcs.nzs.org.pl\/index.php\/wp-json\/wp\/v2\/users\/2"}],"replies":[{"embeddable":true,"href":"https:\/\/umcs.nzs.org.pl\/index.php\/wp-json\/wp\/v2\/comments?post=232"}],"version-history":[{"count":0,"href":"https:\/\/umcs.nzs.org.pl\/index.php\/wp-json\/wp\/v2\/pages\/232\/revisions"}],"wp:attachment":[{"href":"https:\/\/umcs.nzs.org.pl\/index.php\/wp-json\/wp\/v2\/media?parent=232"}],"curies":[{"name":"wp","href":"https:\/\/api.w.org\/{rel}","templated":true}]}}